{"id":45,"date":"2025-04-05T23:44:16","date_gmt":"2025-04-05T21:44:16","guid":{"rendered":"https:\/\/thierry-despretz.be\/?page_id=45"},"modified":"2025-10-06T17:44:43","modified_gmt":"2025-10-06T15:44:43","slug":"questions-orales-au-conseil-communal","status":"publish","type":"page","link":"https:\/\/thierry-despretz.be\/index.php\/questions-orales-au-conseil-communal\/","title":{"rendered":"Questions orales au conseil communal"},"content":{"rendered":"\n<div class=\"wp-block-group alignwide is-layout-constrained wp-block-group-is-layout-constrained\">\n<h5 class=\"wp-block-heading alignwide\"><strong><mark style=\"background-color:rgba(0, 0, 0, 0)\" class=\"has-inline-color has-primary-color\">02\/10\/2025 Question orale concernant la situation des SDF \u00e0 Ath<\/mark><\/strong><\/h5>\n\n\n\n<p class=\"has-medium-font-size\">Monsieur le Bourgmestre, Mesdames et Messieurs les \u00c9chevins,<\/p>\n\n\n\n<p>Ma question porte sur la situation des personnes sans-abri dans notre commune. Au niveau national, nous constatons une augmentation inqui\u00e9tante avec plus de 26.000 personnes utilisant une adresse de r\u00e9f\u00e9rence aupr\u00e8s des CPAS . La Wallonie compte actuellement 19.387 personnes sans domicile fixe , et notre ville d&#8217;Ath n&#8217;est malheureusement pas \u00e9pargn\u00e9e, mais seulement quatre personnes sans-abri seraient suivies par nos services sociaux.<\/p>\n\n\n\n<p>Le 14 octobre aura lieu une grande manifestation \u00e0 Bruxelles contre les mesures du gouvernement Arizona qui vont aggraver immanquablement le risque de pauvret\u00e9.<\/p>\n\n\n\n<p>Sachant que 35% des personnes sans-abri se retrouvent soit dehors, soit dans des maisons d&#8217;accueil d&#8217;urgence qui n\u2019existent pas \u00e0 Ath , ma question est la suivante :<\/p>\n\n\n\n<p>Quelles sont les mesures concr\u00e8tes que la commune compte mettre en place pour accompagner ces personnes sans-abri, particuli\u00e8rement \u00e0 l&#8217;approche de la p\u00e9riode hivernale?<\/p>\n\n\n\n<p>Je vous remercie pour votre r\u00e9ponse.<\/p>\n\n\n\n<p>Thierry Despretz<\/p>\n\n\n\n<p>Conseiller communal PTB<\/p>\n<\/div>\n\n\n\n<div class=\"wp-block-group alignwide is-layout-constrained wp-block-group-is-layout-constrained\">\n<h5 class=\"wp-block-heading alignwide\"><strong><mark style=\"background-color:rgba(0, 0, 0, 0)\" class=\"has-inline-color has-primary-color\">02\/09\/2025 Question orale concernant le soutien au peuple Palestinien<\/mark><\/strong><\/h5>\n\n\n\n<p>Monsieur le Bourgmestre, chers membres du Coll\u00e8ge,<\/p>\n\n\n\n<p>Face aux pr\u00e9occupations persistantes et graves de nos concitoyens concernant la situation humanitaire \u00e0 Gaza, nombre d\u2019entres-eux participeront \u00e0 la manifestation ce dimanche 7 septembre \u00e0 Bruxelles, en \u00e9cho aux alertes r\u00e9p\u00e9t\u00e9es des organisations internationales sur le risque de g\u00e9nocide et les violations du droit international humanitaire, des faits qui continuent de susciter une vive \u00e9motion et interpellent aussi notre collectivit\u00e9 locale.<\/p>\n\n\n\n<p>Ma question orale au Coll\u00e8ge communal est la suivante :<\/p>\n\n\n\n<p>Comment le Coll\u00e8ge communal compte-t-il, dans le cadre de ses comp\u00e9tences propres, manifester la solidarit\u00e9 de notre commune avec la population palestinienne de Gaza, au niveau local, ce qui pourrait contribuer \u00e0 la promotion des droits humains et \u00e0 la pr\u00e9vention des atrocit\u00e9s de masse face \u00e0 cette crise humanitaire majeure ?<\/p>\n\n\n\n<p>Je vous remercie par avance pour vos r\u00e9ponses.<\/p>\n\n\n\n<p>Thierry Despretz<\/p>\n\n\n\n<p>Conseiller communal PTB<\/p>\n<\/div>\n\n\n\n<div class=\"wp-block-group alignwide is-layout-constrained wp-block-group-is-layout-constrained\">\n<h5 class=\"wp-block-heading alignwide\"><strong><mark style=\"background-color:rgba(0, 0, 0, 0)\" class=\"has-inline-color has-primary-color\">19\/06\/2025 Question orale concernant la pr\u00e9sence de TFA(PFAS) dans l\u2019eau de distribution de nos \u00e9coles communales<\/mark><\/strong><\/h5>\n\n\n\n<p>Monsieur le Bourgmestre, chers membres du Coll\u00e8ge,<\/p>\n\n\n\n<p>Le r\u00e9cent reportage d\u2019Investigation a mis en \u00e9vidence la pr\u00e9sence inqui\u00e9tante de TFA, un compos\u00e9 de la famille des PFAS ou &#8216;polluants \u00e9ternels&#8217;, dans l&#8217;eau de distribution, \u00e0 des taux d\u00e9passant la future norme europ\u00e9enne . Cette situation est particuli\u00e8rement pr\u00e9occupante pour nos \u00e9coles communales car les \u00e9tudes scientifiques r\u00e9centes, notamment en Su\u00e8de, d\u00e9montrent des effets graves sur le d\u00e9veloppement des enfants, incluant des impacts sur leurs capacit\u00e9s cognitives et leur syst\u00e8me immunitaire. Pour Ath la moyenne semble \u00eatre de 1300 ng\/l.<\/p>\n\n\n\n<p>Ma question est donc la suivante :<\/p>\n\n\n\n<p>Face \u00e0 cette menace av\u00e9r\u00e9e pour la sant\u00e9 de nos enfants, quelles mesures concr\u00e8tes et imm\u00e9diates la commune compte-t-elle mettre en \u0153uvre dans nos \u00e9coles communales pour prot\u00e9ger nos \u00e9l\u00e8ves de cette contamination, que ce soit par des analyses sp\u00e9cifiques de l&#8217;eau, l&#8217;installation de filtres adapt\u00e9s ou toute autre solution permettant de garantir une eau saine \u00e0 nos enfants ?&#8221;<\/p>\n\n\n\n<p>Je vous remercie par avance pour vos r\u00e9ponses.<\/p>\n\n\n\n<p>Thierry Despretz<\/p>\n\n\n\n<p>Conseiller communal PTB<\/p>\n<\/div>\n\n\n\n<div class=\"wp-block-group alignwide is-layout-constrained wp-block-group-is-layout-constrained\">\n<h5 class=\"wp-block-heading alignwide\"><strong><mark style=\"background-color:rgba(0, 0, 0, 0)\" class=\"has-inline-color has-primary-color\">03\/04\/2025 Question orale concernant la d\u00e9tection des logements lou\u00e9s mais insalubres<\/mark><\/strong><\/h5>\n\n\n\n<p>Chers Coll\u00e8gues,<\/p>\n\n\n\n<p>Suite \u00e0 une manifestation cette semaine, la presse a remis en avant la probl\u00e9matique des logements insalubres qui est une pr\u00e9occupation majeure qui touche directement \u00e0 la dignit\u00e9 et \u00e0 la sant\u00e9 de nos concitoyens. En tant que repr\u00e9sentants communaux, nous avons la responsabilit\u00e9 de nous assurer que chaque habitant d&#8217;Ath puisse vivre dans des conditions d\u00e9centes.<\/p>\n\n\n\n<p>Ma question porte sur l&#8217;\u00e9tat des lieux des logements locatifs insalubres sur notre territoire :<\/p>\n\n\n\n<p>Pouvez-vous nous pr\u00e9senter un \u00e9tat des lieux complet de la situation des logements insalubres dans notre commune, en pr\u00e9cisant le nombre de logements r\u00e9pertori\u00e9s, leur \u00e9volution ces derni\u00e8res ann\u00e9es, ainsi que les moyens mis en \u0153uvre pour les identifier ?<\/p>\n\n\n\n<p>Je vous remercie par avance pour vos r\u00e9ponses.<br>Thierry Despretz<br>Conseiller communal PTB<\/p>\n<\/div>\n\n\n\n<div class=\"wp-block-group alignfull is-layout-constrained wp-block-group-is-layout-constrained\">\n<h5 class=\"wp-block-heading alignwide\"><strong><mark style=\"background-color:rgba(0, 0, 0, 0)\" class=\"has-inline-color has-primary-color\">06\/03\/2025 Question orale concernant la Charte de la mixit\u00e9 sociale et urbaine<\/mark><\/strong><\/h5>\n\n\n\n<p>Monsieur le Bourgmestre,<br>Mesdames et Messieurs les \u00c9chevins,<br>Chers coll\u00e8gues,<\/p>\n\n\n\n<p>Lors du dernier conseil, le pr\u00e9sident a rappel\u00e9 l\u2019existence d\u2019une Charte de la mixit\u00e9 sociale et urbaine.<br>Je souhaite interroger le Coll\u00e8ge communal sur les r\u00e9sultats concrets de cette charte adopt\u00e9e par notre commune.<\/p>\n\n\n\n<p>Je souhaiterais donc obtenir une \u00e9valuation des r\u00e9sultats apport\u00e9s par cette charte, par exemple quel est le nombre de logements sociaux mis \u00e0 disposition par les promoteurs et le nombre de m\u00e9nages qui ont pu \u00eatre ainsi log\u00e9s par quel m\u00e9canisme HPV, CPAS ou AIS?<\/p>\n\n\n\n<p>Je vous remercie d\u2019avance pour vos r\u00e9ponses et pour les \u00e9claircissements que vous pourrez apporter sur cet enjeu fondamental pour nos citoyens.<\/p>\n\n\n\n<p>Thierry Despretz<br>Conseiller communal PTB<\/p>\n<\/div>\n\n\n\n<div class=\"wp-block-group alignfull is-content-justification-center is-layout-constrained wp-block-group-is-layout-constrained\">\n<h5 class=\"wp-block-heading alignwide\"><strong><mark style=\"background-color:rgba(0, 0, 0, 0)\" class=\"has-inline-color has-primary-color\">06\/02\/2025 Question orale concernant la crise du logement \u00e0 Ath<\/mark><\/strong><\/h5>\n\n\n\n<p>Monsieur le Bourgmestre,<br>Mesdames et Messieurs les \u00c9chevins,<br>Chers coll\u00e8gues,<br><br>La presse s&#8217;est r\u00e9cemment fait l&#8217;\u00e9cho des difficult\u00e9s pour les familles monoparentales de trouver un logement \u00e0 Ath. M\u00eame avec des revenus nets permettant de payer un loyer de 1000\u20ac (donc revenus de 3000\u20ac), cela ne suffit pas pour convaincre le priv\u00e9 de louer \u00e0 ces m\u00e9nages, pr\u00e9f\u00e9rant la s\u00e9curit\u00e9 de 2 salaires. Cette situation est particuli\u00e8rement pr\u00e9occupante alors que nous connaissons une crise du logement sans pr\u00e9c\u00e9dent, avec des loyers qui ne cessent d&#8217;augmenter et des citoyens qui peinent de plus en plus \u00e0 se loger d\u00e9cemment.<br>Elle d\u00e9montre que l\u2019on ne peut pas laisser au priv\u00e9 la responsabilit\u00e9 d\u2019une offre de logements juste.<br>La commune a des moyens juridiques pour imposer un pourcentage de logements publics par l\u2019inclusion dans les plans d&#8217;am\u00e9nagement, ou le droit de pr\u00e9emption\u2026<\/p>\n\n\n\n<p>Ma question est donc la suivante :<\/p>\n\n\n\n<p>Quelles sont les actions concr\u00e8tes que le Coll\u00e8ge compte mettre en \u0153uvre \u00e0 court terme pour augmenter l&#8217;offre de logements publics et sociaux; la commune envisage-t-elle de mettre en place des m\u00e9canismes contraignants pour les promoteurs immobiliers afin d&#8217;imposer un pourcentage minimum de logements sociaux dans les nouveaux projets ?<\/p>\n\n\n\n<p>Je vous remercie par avance pour vos r\u00e9ponses.<\/p>\n\n\n\n<p>Thierry Despretz<br>Conseiller communal PTB<\/p>\n<\/div>\n","protected":false},"excerpt":{"rendered":"<p>02\/10\/2025 Question orale concernant la situation des SDF \u00e0 Ath Monsieur le Bourgmestre, Mesdames et Messieurs les \u00c9chevins, Ma question porte sur la situation des personnes sans-abri dans notre commune. Au niveau national, nous constatons une augmentation inqui\u00e9tante avec plus de 26.000 personnes utilisant une adresse de r\u00e9f\u00e9rence aupr\u00e8s des CPAS . La Wallonie compte [&hellip;]<\/p>\n","protected":false},"author":1,"featured_media":0,"parent":0,"menu_order":0,"comment_status":"closed","ping_status":"closed","template":"","meta":{"iawp_total_views":8,"footnotes":""},"class_list":["post-45","page","type-page","status-publish","hentry"],"_links":{"self":[{"href":"https:\/\/thierry-despretz.be\/index.php\/wp-json\/wp\/v2\/pages\/45","targetHints":{"allow":["GET"]}}],"collection":[{"href":"https:\/\/thierry-despretz.be\/index.php\/wp-json\/wp\/v2\/pages"}],"about":[{"href":"https:\/\/thierry-despretz.be\/index.php\/wp-json\/wp\/v2\/types\/page"}],"author":[{"embeddable":true,"href":"https:\/\/thierry-despretz.be\/index.php\/wp-json\/wp\/v2\/users\/1"}],"replies":[{"embeddable":true,"href":"https:\/\/thierry-despretz.be\/index.php\/wp-json\/wp\/v2\/comments?post=45"}],"version-history":[{"count":14,"href":"https:\/\/thierry-despretz.be\/index.php\/wp-json\/wp\/v2\/pages\/45\/revisions"}],"predecessor-version":[{"id":75,"href":"https:\/\/thierry-despretz.be\/index.php\/wp-json\/wp\/v2\/pages\/45\/revisions\/75"}],"wp:attachment":[{"href":"https:\/\/thierry-despretz.be\/index.php\/wp-json\/wp\/v2\/media?parent=45"}],"curies":[{"name":"wp","href":"https:\/\/api.w.org\/{rel}","templated":true}]}}