{"id":49,"date":"2025-04-06T11:03:19","date_gmt":"2025-04-06T09:03:19","guid":{"rendered":"https:\/\/thierry-despretz.be\/?page_id=49"},"modified":"2025-10-06T20:17:09","modified_gmt":"2025-10-06T18:17:09","slug":"points-ajoutes-conseil-communal","status":"publish","type":"page","link":"https:\/\/thierry-despretz.be\/index.php\/points-ajoutes-conseil-communal\/","title":{"rendered":"Points ajout\u00e9s \u00e0 l&#8217;OJ du conseil communal"},"content":{"rendered":"\n<p><\/p>\n\n\n\n<div class=\"wp-block-group alignwide is-layout-constrained wp-block-group-is-layout-constrained\">\n<h5 class=\"wp-block-heading alignwide\"><mark style=\"background-color:rgba(0, 0, 0, 0)\" class=\"has-inline-color has-primary-color\"><strong>03\/04\/2025 Motion contre le transfert d\u2019aust\u00e9rit\u00e9 du f\u00e9d\u00e9ral vers les communes<\/strong><\/mark><\/h5>\n\n\n\n<h6 class=\"wp-block-heading\"><strong>Description:<\/strong><\/h6>\n\n\n\n<p>Mesdames, Messieurs,<\/p>\n\n\n\n<p>Les communes wallonnes, en particulier les grandes villes, sont en d\u00e9ficit cumul\u00e9 de 467,3 millions d\u2019euros en 2024. Les gouvernements creusent eux-m\u00eames les caisses des villes et ensuite se plaignent qu\u2019elles soient vides !!!&nbsp; 96 % du d\u00e9ficit des communes wallonnes de ces 5 derni\u00e8res ann\u00e9es provient de d\u00e9penses que l\u2019\u00c9tat f\u00e9d\u00e9ral leur transf\u00e8re : politique sociale, s\u00e9curit\u00e9, secours et pensions.<\/p>\n\n\n\n<p>Vous trouverez en annexe un dossier d\u00e9taill\u00e9.<\/p>\n\n\n\n<p>Plut\u00f4t que d\u2019obliger les villes \u00e0 se tourner vers les banques qui se gavent sur la dette publique, l\u2019\u00c9tat doit refinancer le fonds des communes et reprendre sa part de financement des zones de police et de secours.<br>Depuis des ann\u00e9es, les communes financent des services qui devraient \u00eatre pris en charge par le f\u00e9d\u00e9ral. Quelques chiffres : 80 millions manquent aux zones de police en 2024, l\u2019\u00c9tat ne finan\u00e7ant que 43 % au lieu des 50 % promis, 45 millions manquent aux zones de secours, avec un financement f\u00e9d\u00e9ral \u00e0 25 % au lieu de 50 %, l\u00e0 aussi une promesse non tenue et enfin, 190 millions d\u2019euros en aides sociales depuis 2020, alors que les CPAS doivent compenser les coupes f\u00e9d\u00e9rales.<\/p>\n\n\n\n<p>Si l\u2019\u00c9tat assumait ses responsabilit\u00e9s, les communes auraient re\u00e7u 900 millions d\u2019euros depuis 2020, soit 96 % de leur d\u00e9ficit cumul\u00e9.<\/p>\n\n\n\n<p>En cons\u00e9quence je vous propose d\u2019adopter la motion suivante:<\/p>\n\n\n\n<p><strong>Motion <\/strong><strong>contre le transfert d\u2019aust\u00e9rit\u00e9 du f\u00e9d\u00e9ral vers les communes<\/strong><strong>:<\/strong><\/p>\n\n\n\n<ul class=\"wp-block-list\">\n<li><strong>Les communes sont responsables du financement partiel de quatre services publics essentiels : Police, zones de secours, CPAS et Pensions ;<\/strong><\/li>\n\n\n\n<li><strong>Pour la police locale :<\/strong>\n<ul class=\"wp-block-list\">\n<li><strong>La r\u00e9forme des polices de 2001 pr\u00e9voyait un financement f\u00e9d\u00e9ral \u00e0 hauteur de 51%<\/strong><\/li>\n\n\n\n<li><strong>Le financement f\u00e9d\u00e9ral actuel n&#8217;atteint en moyenne que 43%<\/strong><\/li>\n\n\n\n<li><strong>Le manque \u00e0 gagner cumul\u00e9 depuis 2020 s&#8217;\u00e9l\u00e8ve \u00e0 340 millions d&#8217;euros pour les communes wallonnes<\/strong><\/li>\n<\/ul>\n<\/li>\n\n\n\n<li><strong>Pour les zones de secours :<\/strong>\n<ul class=\"wp-block-list\">\n<li><strong>La r\u00e9forme de 2007 pr\u00e9voyait un financement paritaire (50-50) entre le f\u00e9d\u00e9ral et les pouvoirs locaux<\/strong><\/li>\n\n\n\n<li><strong>Le financement f\u00e9d\u00e9ral ne repr\u00e9sente actuellement que 25% du budget<\/strong><\/li>\n\n\n\n<li><strong>Les communes ont ainsi pay\u00e9 366 millions d&#8217;euros &#8220;de trop&#8221; depuis 2020<\/strong><\/li>\n<\/ul>\n<\/li>\n\n\n\n<li><strong>Pour les CPAS :<\/strong>\n<ul class=\"wp-block-list\">\n<li><strong>Le Revenu d&#8217;Int\u00e9gration Sociale (RIS) n&#8217;est financ\u00e9 qu&#8217;\u00e0 70% maximum par le f\u00e9d\u00e9ral<\/strong><\/li>\n\n\n\n<li><strong>Le nombre de b\u00e9n\u00e9ficiaires du RIS a augment\u00e9 de 58% en Wallonie entre 2015 et 2024<\/strong><\/li>\n\n\n\n<li><strong>Les d\u00e9penses des CPAS wallons augmentent en moyenne de 8% par an depuis 5 ans<\/strong><\/li>\n<\/ul>\n<\/li>\n\n\n\n<li><strong>Pour les pensions des agents communaux :<\/strong>\n<ul class=\"wp-block-list\">\n<li><strong>Les communes sont les seules institutions publiques devant financer seules les pensions de leurs agents statutaires<\/strong><\/li>\n\n\n\n<li><strong>Le co\u00fbt des pensions statutaires pour les communes est pass\u00e9 de 726 millions en 2020 \u00e0 1,032 milliards en 2024<\/strong><\/li>\n<\/ul>\n<\/li>\n<\/ul>\n<\/div>\n\n\n\n<h6 class=\"wp-block-heading\"><strong>Le Conseil communal d&#8217;Ath :<\/strong><\/h6>\n\n\n\n<ul class=\"wp-block-list\">\n<li><strong>D\u00c9NONCE le sous-financement chronique des communes par le niveau f\u00e9d\u00e9ral ;<\/strong><\/li>\n\n\n\n<li><strong>EXIGE du Gouvernement f\u00e9d\u00e9ral :<\/strong>\n<ul class=\"wp-block-list\">\n<li><strong>Le respect de ses engagements concernant le financement des zones de police (51%)<\/strong><\/li>\n\n\n\n<li><strong>L&#8217;application effective du financement 50-50 pour les zones de secours<\/strong><\/li>\n\n\n\n<li><strong>Une augmentation de la part f\u00e9d\u00e9rale dans le financement du RIS<\/strong><\/li>\n\n\n\n<li><strong>L&#8217;int\u00e9gration des pensions des agents communaux dans le syst\u00e8me g\u00e9n\u00e9ral des pensions publiques<\/strong><\/li>\n<\/ul>\n<\/li>\n<\/ul>\n\n\n\n<h6 class=\"wp-block-heading\"><strong>D\u00e9cision:<\/strong><\/h6>\n\n\n\n<ul class=\"wp-block-list\">\n<li><strong>DEMANDE au Coll\u00e8ge communal de :<\/strong>\n<ul class=\"wp-block-list\">\n<li><strong>Transmettre la pr\u00e9sente motion au Premier Ministre, au Ministre des Finances, au Ministre de l&#8217;Int\u00e9rieur et au Ministre des Pensions<\/strong><\/li>\n\n\n\n<li><strong>Porter ces revendications aupr\u00e8s de l&#8217;Union des Villes et Communes de Wallonie<\/strong><\/li>\n\n\n\n<li><strong>Informer la population de la situation financi\u00e8re critique des communes due \u00e0 ce sous-financement structurel<\/strong><\/li>\n<\/ul>\n<\/li>\n\n\n\n<li><strong>D\u00c9CIDE de :<\/strong>\n<ul class=\"wp-block-list\">\n<li><strong>Se joindre aux autres communes wallonnes dans leurs d\u00e9marches pour obtenir un juste financement<\/strong><\/li>\n\n\n\n<li><strong>Maintenir la pression sur les autorit\u00e9s f\u00e9d\u00e9rales jusqu&#8217;\u00e0 l&#8217;obtention d&#8217;une solution structurelle<\/strong><\/li>\n<\/ul>\n<\/li>\n<\/ul>\n\n\n\n<div class=\"wp-block-group is-layout-constrained wp-block-group-is-layout-constrained\">\n<h5 class=\"wp-block-heading alignwide\"><mark style=\"background-color:rgba(0, 0, 0, 0)\" class=\"has-inline-color has-primary-color\"><strong>06\/03\/2025 Proposition de modification de l&#8217;article 77 du R\u00e8glement d&#8217;Ordre Int\u00e9rieur (ROI) concernant la limitation du nombre de questions orales par conseiller communal.<\/strong><\/mark><\/h5>\n\n\n\n<ul class=\"wp-block-list\">\n<li><strong>Expos\u00e9 des motifs:<\/strong><strong><br><\/strong>\n<ul class=\"wp-block-list\">\n<li>L&#8217;article 77 du ROI actuel limite \u00e0 une le nombre de questions orales qu&#8217;un conseiller communal peut poser par s\u00e9ance.<\/li>\n\n\n\n<li>Cette limitation peut restreindre le droit des conseillers \u00e0 solliciter des informations et \u00e0 exercer pleinement leur r\u00f4le de contr\u00f4le et de repr\u00e9sentation des citoyens.<\/li>\n\n\n\n<li>La motivation de cette mesure a \u00e9t\u00e9 justifi\u00e9e par des d\u00e9bordements dans une autre mandature et par d\u2019autres conseillers que ceux si\u00e9geant aujourd\u2019hui. Les uns n\u2019\u00e9tant pas les autres, il faut faire confiance au nouveau conseil pour \u00eatre responsable et efficace. Jamais cette mesure n\u2019aurait d\u00fb \u00eatre maintenue et m\u00eame aggrav\u00e9e au-del\u00e0 de la mandature concern\u00e9e.<\/li>\n\n\n\n<li>Concr\u00e8tement on peut constater qu\u2019on est tr\u00e8s loin d\u2019atteindre le nombre d\u2019une question par conseiller, m\u00eame si on ne compte que ceux d\u2019opposition. Par contre pour les groupes qui n\u2019ont qu\u2019un conseiller, il faut parfois choisir entre deux questions. Ce qui est une restriction \u00e0 l\u2019expression d\u00e9mocratique.<\/li>\n\n\n\n<li>J\u2019ai toujours eu horreur des injustices et des punitions collectives, et ici c\u2019est le cas, je suis emp\u00each\u00e9 de poser 2 questions parce que dans le pass\u00e9 des abus d\u2019autres \u00e9lus ont dus \u00eatre encadr\u00e9s.<\/li>\n\n\n\n<li>Je demande donc de corriger cette injustice et de n\u2019ajouter de telles restrictions que si des conseillers de cette mandature ne d\u00e9passent les bornes.<\/li>\n<\/ul>\n<\/li>\n\n\n\n<li><strong>Proposition:<\/strong>\n<ul class=\"wp-block-list\">\n<li>Supprimer \u00e0 l&#8217;article 77 du ROI la limitation du nombre de questions orales par conseiller communal.<\/li>\n\n\n\n<li>Maintenir les autres dispositions du ROI qui encadrent le droit de poser des questions, notamment celles relatives \u00e0 la recevabilit\u00e9 des questions, au temps de parole et \u00e0 la pertinence des sujets abord\u00e9s.<\/li>\n<\/ul>\n<\/li>\n<\/ul>\n\n\n\n<p><strong>Motivation:<\/strong><\/p>\n\n\n\n<ul class=\"wp-block-list\">\n<li>Favoriser un dialogue ouvert et constructif au sein du conseil communal.<\/li>\n\n\n\n<li>Ne pas brider le r\u00f4le de contr\u00f4le et d&#8217;information des conseillers communaux.<\/li>\n\n\n\n<li>Faire confiance \u00e0 priori, \u00e0 la responsabilit\u00e9 des nouveaux conseillers \u00e9lus.<\/li>\n<\/ul>\n\n\n\n<h6 class=\"wp-block-heading\"><strong>D\u00e9cision:<\/strong><\/h6>\n\n\n\n<ul class=\"wp-block-list\">\n<li>Le conseil communal d\u00e9cide de modifier l&#8217;article 77 du ROI, en supprimant la partie \u201c<strong>Afin de garantir le droit l\u00e9gitime d\u2019expression de chaque Conseiller, le nombre de questions d\u2019actualit\u00e9 est limit\u00e9e, chaque s\u00e9ance, \u00e0 une par Conseiller.\u201d<\/strong>, supprimant ainsi la limitation du nombre de questions orales par conseiller communal.<\/li>\n\n\n\n<li>Le conseil communal charge le coll\u00e8ge communal de prendre les mesures n\u00e9cessaires \u00e0 la mise en \u0153uvre de cette d\u00e9cision.<\/li>\n<\/ul>\n<\/div>\n\n\n\n<div class=\"wp-block-group alignfull is-layout-constrained wp-block-group-is-layout-constrained\">\n<h5 class=\"wp-block-heading alignwide\"><mark style=\"background-color:rgba(0, 0, 0, 0)\" class=\"has-inline-color has-primary-color\"><strong>06\/02\/2025 Suppression de 595 places de parking gratuites quartier de la gare pr\u00e9vues par le master plan<\/strong><\/mark><\/h5>\n\n\n\n<h6 class=\"wp-block-heading\"><strong>Description:<\/strong><\/h6>\n\n\n\n<p>Mesdames, Messieurs,<\/p>\n\n\n\n<p>Sous l\u2019ancienne majorit\u00e9, des d\u00e9cisions importantes ont \u00e9t\u00e9 prises par le coll\u00e8ge sortant.<\/p>\n\n\n\n<p>L\u2019ancien Coll\u00e8ge communal en a d\u00e8s lors \u00e9t\u00e9 inform\u00e9, en sa s\u00e9ance du 25 octobre 2023.<\/p>\n\n\n\n<p>Il s\u2019agit principalement du dossier de d\u00e9veloppement urbain &#8220;Site des Locomotives&#8221;. Mais bien plus largement on trouve dans les annexes de cette information (Plan guide 2030 &#8211; Op\u00e9ration D\u00e9veloppement Urbain-Ath-DEF &#8211; ATH 2022 Master Plan_site des locomotives) Des informations et d\u00e9cisions tr\u00e8s importantes:<\/p>\n\n\n\n<ul class=\"wp-block-list\">\n<li>Un port de plaisance<\/li>\n\n\n\n<li>La suppression des 3 parkings gratuits (595 places)<\/li>\n\n\n\n<li>La construction d\u2019un parking privatis\u00e9 sur 5 \u00e9tages<\/li>\n\n\n\n<li>Une nouvelle passerelle de ce parking vers la promenade roi Baudouin<\/li>\n\n\n\n<li>Un parc r\u00e9cr\u00e9atif et sportif<\/li>\n\n\n\n<li>Un nouveau quartier \u00e0 la Chauss\u00e9e de Mons \u201cLe Petit Maffle\u201d = 362 nouveaux logements<\/li>\n\n\n\n<li>Un nouveau quartier au faubourg de Tournai \u201c113 nouveaux logements et des commerces\u201d<\/li>\n<\/ul>\n\n\n\n<p>ETC.<\/p>\n\n\n\n<p>Dans les annexes ci-jointes, extraites des documents pr\u00e9sent\u00e9s \u00e0 la s\u00e9ance du conseil communal du 25 octobre 2023, vous trouverez:<\/p>\n\n\n\n<p>Annexe 1 Vue des parkings actuels avec en rouge ceux qui seront supprim\u00e9s par le projet<\/p>\n\n\n\n<p>Annexe 2 Sur cette autre publication de la ville et sur les panneaux sur le site, il s\u2019agit bien de 460 places aux locomotives et pas 360 comme indiqu\u00e9 dans le master plan!<\/p>\n\n\n\n<p>Annexe 3 Vue compl\u00e8te du quartier montrant bien que les 3 parking sont supprim\u00e9s<\/p>\n\n\n\n<p>Annexe 4 Vue du parking silo de 430 places cens\u00e9 remplacer les parkings gratuits<\/p>\n\n\n\n<p>Annexe 5 Vue des parkings restants apr\u00e8s travaux, avec en rouge le parking silo, exploit\u00e9 par un priv\u00e9<\/p>\n\n\n\n<p>Annexe 6 Vue sur le montant total des travaux<\/p>\n\n\n\n<p>Annexe 7 Vue des travaux pr\u00e9alables \u00e0 tout am\u00e9nagement, tous les parkings et b\u00e2timents existants!<\/p>\n\n\n\n<p><strong>Motivation:<\/strong><\/p>\n\n\n\n<p>Imaginez l\u2019enfer pour les navetteurs, visiteurs, commer\u00e7ants d\u00e8s que ces travaux vont d\u00e9buter, pr\u00e8s de 600 places de parking supprim\u00e9es pendant des mois voir ann\u00e9es vu la vitesse actuelle des travaux!!!<\/p>\n\n\n\n<p>Puis apr\u00e8s ce temps de purgatoire, ce qui arrivera c\u2019est 5 \u00e9tages de parking payant car l\u2019humoriste qui a pr\u00e9tendu que ce ne serait pas payant ment. L\u2019autorit\u00e9 de tutelle n\u2019accepte d\u00e9j\u00e0 pas qu\u2019une ville augmente d\u2019une demi-heure le d\u00e9lai gratuit en zone de parking payante! Et \u00e0 Ath on va trouver un m\u00e9c\u00e8ne qui va offrir un building de plusieurs millions \u00e0 la ville\u2026?<\/p>\n\n\n\n<p>Sans compter le ralentissement incontestable pour se garer dans ce silo, \u00e7\u00e0 ne peut en effet pas \u00eatre aussi rapide qu\u2019avec les parkings actuels, mais c\u2019est vrai qu\u2019il faut se lever tr\u00e8s t\u00f4t pour observer les navetteurs matinaux se garer l\u00e0.<\/p>\n\n\n\n<p>Il faut donc trouver une autre solution qui pr\u00e9serve le parking gratuit proche de la gare et du centre-ville.<\/p>\n\n\n\n<h6 class=\"wp-block-heading\"><strong>D\u00e9cision:<\/strong><\/h6>\n\n\n\n<ul class=\"wp-block-list\">\n<li>Le conseil s\u2019oppose \u00e0 la disparition des 595 places de parkings gratuites (suppressions des 3 parkings longeant l\u2019arri\u00e8re de la gare).<\/li>\n<\/ul>\n<\/div>\n","protected":false},"excerpt":{"rendered":"<p>03\/04\/2025 Motion contre le transfert d\u2019aust\u00e9rit\u00e9 du f\u00e9d\u00e9ral vers les communes Description: Mesdames, Messieurs, Les communes wallonnes, en particulier les grandes villes, sont en d\u00e9ficit cumul\u00e9 de 467,3 millions d\u2019euros en 2024. Les gouvernements creusent eux-m\u00eames les caisses des villes et ensuite se plaignent qu\u2019elles soient vides !!!&nbsp; 96 % du d\u00e9ficit des communes wallonnes [&hellip;]<\/p>\n","protected":false},"author":1,"featured_media":0,"parent":0,"menu_order":0,"comment_status":"closed","ping_status":"closed","template":"","meta":{"iawp_total_views":8,"footnotes":""},"class_list":["post-49","page","type-page","status-publish","hentry"],"_links":{"self":[{"href":"https:\/\/thierry-despretz.be\/index.php\/wp-json\/wp\/v2\/pages\/49","targetHints":{"allow":["GET"]}}],"collection":[{"href":"https:\/\/thierry-despretz.be\/index.php\/wp-json\/wp\/v2\/pages"}],"about":[{"href":"https:\/\/thierry-despretz.be\/index.php\/wp-json\/wp\/v2\/types\/page"}],"author":[{"embeddable":true,"href":"https:\/\/thierry-despretz.be\/index.php\/wp-json\/wp\/v2\/users\/1"}],"replies":[{"embeddable":true,"href":"https:\/\/thierry-despretz.be\/index.php\/wp-json\/wp\/v2\/comments?post=49"}],"version-history":[{"count":7,"href":"https:\/\/thierry-despretz.be\/index.php\/wp-json\/wp\/v2\/pages\/49\/revisions"}],"predecessor-version":[{"id":77,"href":"https:\/\/thierry-despretz.be\/index.php\/wp-json\/wp\/v2\/pages\/49\/revisions\/77"}],"wp:attachment":[{"href":"https:\/\/thierry-despretz.be\/index.php\/wp-json\/wp\/v2\/media?parent=49"}],"curies":[{"name":"wp","href":"https:\/\/api.w.org\/{rel}","templated":true}]}}